{"id":5266,"date":"2024-09-19T06:50:54","date_gmt":"2024-09-19T04:50:54","guid":{"rendered":"https:\/\/kumbs.com\/?post_type=product&#038;p=5266"},"modified":"2024-09-20T10:58:36","modified_gmt":"2024-09-20T08:58:36","slug":"natural-african-kosso-wood-watch-truewood","status":"publish","type":"product","link":"https:\/\/kumbs.com\/index.php\/produit\/natural-african-kosso-wood-watch-truewood\/","title":{"rendered":"Montre en bois naturel africain Kosso avec verre en cristal recouvert de Saphir et gravures plaqu\u00e9es or &#8211; TruWood"},"content":{"rendered":"<p><strong>Description\u00a0<\/strong><\/p>\n<p>\u00c7a y est. La prochaine montre de votre collection est enfin arriv\u00e9e. Elle reprend le design familier de notre montre la plus c\u00e9l\u00e8bre \u00e0 ce jour et l&#8217;impr\u00e8gne d&#8217;un nouveau type de bois pour une \u00e9volution compl\u00e8te du style ext\u00e9rieur. La montre TruWood Summit porte le design \u00e9l\u00e9gant et l&#8217;excellence du travail du bois \u00e0 un niveau sup\u00e9rieur. Fabriqu\u00e9e en bois de Kosso africain, une coupe unique avec des couleurs et des motifs comme nous n&#8217;en avons jamais vu auparavant. Compl\u00e9t\u00e9 par un cadran en bois de santal noir relook\u00e9 et des gravures plaqu\u00e9es or log\u00e9es dans notre verre en cristal recouvert de saphir. Nous ne pouvons pas nous lasser de cette pi\u00e8ce et nous comprenons si vous ne le pouvez pas non plus.<\/p>\n<p>&nbsp;<\/p>\n<p><strong>Lieux et d\u00e9lais de livraison:<\/strong><\/p>\n<p>US 3-5 days<\/p>\n<p>CA 5-10 days<\/p>\n<p>AU-GB 7-14 days<\/p>\n<p>&nbsp;<\/p>\n<p><strong>Politique de remboursement et de retour<\/strong><\/p>\n<p>D\u00e9lai de retour : 14j<\/p>\n<p>Politique de retour<br \/>\nSi pour une raison quelconque, vous n&#8217;\u00eates pas enti\u00e8rement satisfait de votre achat, vous pouvez le retourner pour un remboursement ou l&#8217;\u00e9changer contre un cr\u00e9dit en magasin dans les 14 jours.<\/p>\n<p>Nous comprenons que l&#8217;exp\u00e9dition de retour peut prendre un certain temps pour arriver \u00e0 notre entrep\u00f4t et nous devons donc simplement avoir \u00e9mis un num\u00e9ro RMA dans le d\u00e9lai de retour (non livr\u00e9).<\/p>\n<p>* Veuillez nous contacter pour recevoir un num\u00e9ro RMA AVANT de renvoyer le(s) article(s).<\/p>\n<p>* Tous les articles retourn\u00e9s doivent \u00eatre neufs et inutilis\u00e9s et dans leur emballage d&#8217;origine.<\/p>\n<p>* Les frais d&#8217;exp\u00e9dition (le cas \u00e9ch\u00e9ant) ne sont pas remboursables.<\/p>\n<p>&nbsp;<\/p>\n<p>EXCLUSIONS<\/p>\n<p>Nous ne pouvons pas offrir de remboursement sur les articles qui sont des remplacements ou des r\u00e9clamations sous garantie.<\/p>\n<p>Nous n&#8217;acceptons pas les retours pour remboursement si l&#8217;article cass\u00e9 a \u00e9t\u00e9 endommag\u00e9 en raison d&#8217;une chute, etc.<\/p>\n","protected":false},"excerpt":{"rendered":"<p>La montre TruWood Summit porte le design \u00e9l\u00e9gant et l&#8217;excellence du travail du bois \u00e0 un niveau sup\u00e9rieur. Fabriqu\u00e9e en bois de Kosso africain, une coupe unique avec des couleurs et des motifs comme nous n&#8217;en avons jamais vu auparavant. Compl\u00e9t\u00e9 par un cadran en bois de santal noir relook\u00e9 et des gravures plaqu\u00e9es or log\u00e9es dans notre verre en cristal recouvert de saphir.<\/p>\n","protected":false},"featured_media":5269,"comment_status":"open","ping_status":"closed","template":"","meta":[],"product_brand":[],"product_cat":[103,90],"product_tag":[],"class_list":{"0":"post-5266","1":"product","2":"type-product","3":"status-publish","4":"has-post-thumbnail","6":"product_cat-bois-naturel","7":"product_cat-montre","9":"first","10":"instock","11":"taxable","12":"shipping-taxable","13":"purchasable","14":"product-type-simple"},"jetpack_sharing_enabled":true,"_links":{"self":[{"href":"https:\/\/kumbs.com\/index.php\/wp-json\/wp\/v2\/product\/5266","targetHints":{"allow":["GET"]}}],"collection":[{"href":"https:\/\/kumbs.com\/index.php\/wp-json\/wp\/v2\/product"}],"about":[{"href":"https:\/\/kumbs.com\/index.php\/wp-json\/wp\/v2\/types\/product"}],"replies":[{"embeddable":true,"href":"https:\/\/kumbs.com\/index.php\/wp-json\/wp\/v2\/comments?post=5266"}],"wp:featuredmedia":[{"embeddable":true,"href":"https:\/\/kumbs.com\/index.php\/wp-json\/wp\/v2\/media\/5269"}],"wp:attachment":[{"href":"https:\/\/kumbs.com\/index.php\/wp-json\/wp\/v2\/media?parent=5266"}],"wp:term":[{"taxonomy":"product_brand","embeddable":true,"href":"https:\/\/kumbs.com\/index.php\/wp-json\/wp\/v2\/product_brand?post=5266"},{"taxonomy":"product_cat","embeddable":true,"href":"https:\/\/kumbs.com\/index.php\/wp-json\/wp\/v2\/product_cat?post=5266"},{"taxonomy":"product_tag","embeddable":true,"href":"https:\/\/kumbs.com\/index.php\/wp-json\/wp\/v2\/product_tag?post=5266"}],"curies":[{"name":"wp","href":"https:\/\/api.w.org\/{rel}","templated":true}]}}