{"id":5277,"date":"2024-09-19T08:13:49","date_gmt":"2024-09-19T06:13:49","guid":{"rendered":"https:\/\/kumbs.com\/?post_type=product&#038;p=5277"},"modified":"2024-09-20T10:58:05","modified_gmt":"2024-09-20T08:58:05","slug":"montre-truwood-stark-en-bois-derable-clair-en-verre-en-cristal-recouvert-de-saphir","status":"publish","type":"product","link":"https:\/\/kumbs.com\/index.php\/produit\/montre-truwood-stark-en-bois-derable-clair-en-verre-en-cristal-recouvert-de-saphir\/","title":{"rendered":"Montre TruWood Stark en bois d&#8217;Erable clair en verre en cristal recouvert de Saphir"},"content":{"rendered":"<p>L&#8217;\u00e9l\u00e9gance au quotidien n&#8217;a jamais \u00e9t\u00e9 une description aussi pr\u00e9cise d&#8217;une montre. La TruWood Stark est fabriqu\u00e9e \u00e0 la main par des horlogers experts, construite sur l&#8217;excellence et ne l\u00e9sinant jamais sur les moyens. Le bo\u00eetier en bois d&#8217;\u00e9rable clair est poli pour assurer un grain uniforme et sp\u00e9cialement trait\u00e9 pour r\u00e9sister \u00e0 l&#8217;eau dans un profil mince \u00e9poustouflant. Les aiguilles argent\u00e9es se distinguent sur le cadran vert embl\u00e9matique de la Stark, log\u00e9 dans un verre en cristal recouvert de saphir, offrant le pont parfait entre audace et simplicit\u00e9. Les maillons en bois l\u00e9gers font de la Stark votre montre la plus confortable de tous les temps.<\/p>\n<p>&nbsp;<\/p>\n<p><strong>Lieux et d\u00e9lais de livraison:<\/strong><\/p>\n<p>US 3-5 days<\/p>\n<p>CA 5-10 days<\/p>\n<p>AU-GB 7-14 days<\/p>\n<p>&nbsp;<\/p>\n<p><strong>Politique de retour<\/strong><br \/>\nSi pour une raison quelconque, vous n&#8217;\u00eates pas enti\u00e8rement satisfait de votre achat, vous pouvez le retourner pour un remboursement ou l&#8217;\u00e9changer contre un cr\u00e9dit en magasin dans les 14 jours.<\/p>\n<p>Nous comprenons que l&#8217;exp\u00e9dition de retour peut prendre un certain temps pour arriver \u00e0 notre entrep\u00f4t et nous devons donc simplement avoir \u00e9mis un num\u00e9ro RMA dans le d\u00e9lai de retour (non livr\u00e9).<\/p>\n<p>* Veuillez nous contacter pour recevoir un num\u00e9ro RMA AVANT de renvoyer le ou les articles.<\/p>\n<p>* Tous les articles retourn\u00e9s doivent \u00eatre dans un \u00e9tat neuf et inutilis\u00e9 et dans leur emballage d&#8217;origine.<\/p>\n<p>* Les clients sont responsables des frais de retour.<\/p>\n<p>* Les frais d&#8217;exp\u00e9dition (le cas \u00e9ch\u00e9ant) ne sont pas remboursables.<\/p>\n<p>EXCLUSIONS<\/p>\n<p>Nous ne pouvons pas offrir de remboursement sur les articles qui sont des remplacements ou des r\u00e9clamations de garantie.<\/p>\n<p>Nous n&#8217;acceptons pas les retours pour remboursement si l&#8217;article cass\u00e9 a \u00e9t\u00e9 endommag\u00e9 en raison d&#8217;une chute, d&#8217;une chute, etc.<\/p>\n","protected":false},"excerpt":{"rendered":"<p>L&#8217;\u00e9l\u00e9gance au quotidien n&#8217;a jamais \u00e9t\u00e9 une description aussi pr\u00e9cise d&#8217;une montre. La TruWood Stark est fabriqu\u00e9e \u00e0 la main &#8230; <\/p>\n<p class=\"more-link-container\"><a title=\"Montre TruWood Stark en bois d&#8217;Erable clair en verre en cristal recouvert de Saphir\" class=\"more-link button\" href=\"https:\/\/kumbs.com\/index.php\/produit\/montre-truwood-stark-en-bois-derable-clair-en-verre-en-cristal-recouvert-de-saphir\/#more-5277\">Read More<span class=\"screen-reader-text\">Montre TruWood Stark en bois d&#8217;Erable clair en verre en cristal recouvert de Saphir<\/span> <i class=\"fa fa-angle-double-right\"><\/i><\/a><\/p>\n","protected":false},"featured_media":5281,"comment_status":"open","ping_status":"closed","template":"","meta":[],"product_brand":[],"product_cat":[103,90],"product_tag":[],"class_list":{"0":"post-5277","1":"product","2":"type-product","3":"status-publish","4":"has-post-thumbnail","6":"product_cat-bois-naturel","7":"product_cat-montre","9":"first","10":"instock","11":"taxable","12":"shipping-taxable","13":"purchasable","14":"product-type-simple"},"jetpack_sharing_enabled":true,"_links":{"self":[{"href":"https:\/\/kumbs.com\/index.php\/wp-json\/wp\/v2\/product\/5277","targetHints":{"allow":["GET"]}}],"collection":[{"href":"https:\/\/kumbs.com\/index.php\/wp-json\/wp\/v2\/product"}],"about":[{"href":"https:\/\/kumbs.com\/index.php\/wp-json\/wp\/v2\/types\/product"}],"replies":[{"embeddable":true,"href":"https:\/\/kumbs.com\/index.php\/wp-json\/wp\/v2\/comments?post=5277"}],"wp:featuredmedia":[{"embeddable":true,"href":"https:\/\/kumbs.com\/index.php\/wp-json\/wp\/v2\/media\/5281"}],"wp:attachment":[{"href":"https:\/\/kumbs.com\/index.php\/wp-json\/wp\/v2\/media?parent=5277"}],"wp:term":[{"taxonomy":"product_brand","embeddable":true,"href":"https:\/\/kumbs.com\/index.php\/wp-json\/wp\/v2\/product_brand?post=5277"},{"taxonomy":"product_cat","embeddable":true,"href":"https:\/\/kumbs.com\/index.php\/wp-json\/wp\/v2\/product_cat?post=5277"},{"taxonomy":"product_tag","embeddable":true,"href":"https:\/\/kumbs.com\/index.php\/wp-json\/wp\/v2\/product_tag?post=5277"}],"curies":[{"name":"wp","href":"https:\/\/api.w.org\/{rel}","templated":true}]}}