{"id":5282,"date":"2024-09-19T08:28:07","date_gmt":"2024-09-19T06:28:07","guid":{"rendered":"https:\/\/kumbs.com\/?post_type=product&#038;p=5282"},"modified":"2024-09-20T10:56:44","modified_gmt":"2024-09-20T08:56:44","slug":"large-gold-plated-tree-of-life-pendant","status":"publish","type":"product","link":"https:\/\/kumbs.com\/index.php\/produit\/large-gold-plated-tree-of-life-pendant\/","title":{"rendered":"Large Pendentif avec ambre de la Baltique Arbre de Vie en plaqu\u00e9 or"},"content":{"rendered":"<p>Un pendentif en ambre de la Baltique avec une tranche ronde d&#8217;ambre de la Baltique, recouverte d&#8217;une ic\u00f4ne d&#8217;arbre de vie en argent sterling plaqu\u00e9 or.<\/p>\n<p>Produit\u00a0: Pendentif \u00e0 breloque symbole d&#8217;arbre<br \/>\nCouleurs\u00a0: Ambre<br \/>\nMat\u00e9riaux\u00a0: Ambre de la Baltique et argent sterling plaqu\u00e9 or<br \/>\nDimensions\u00a0: 32\u00a0mm x 20\u00a0mm x 4\u00a0mm<br \/>\nCha\u00eene incluse\u00a0: Boule de diamant plaqu\u00e9e or<br \/>\nLongueur de la cha\u00eene\u00a0: 55\u00a0cm<\/p>\n<p>Dot\u00e9 d&#8217;une simple pierre d&#8217;ambre taill\u00e9e en cercle, la surface plate de la pierre ajoute un arri\u00e8re-plan unique \u00e0 cet accessoire. Un arbre de vie en argent sterling fabriqu\u00e9 de main de ma\u00eetre repose sur la pi\u00e8ce d&#8217;ambre. Symbole des origines de l&#8217;ambre de la Baltique, ce collier \u00e0 breloques regorge de beaut\u00e9 historique et naturelle.<\/p>\n<p>Ce pendentif \u00e0 breloque est associ\u00e9 \u00e0 notre cha\u00eene \u00e0 boules de diamant de 55\u00a0cm. Une cha\u00eene durable mais d\u00e9licate et minimaliste pour un usage quotidien. Ajoute un \u00e9clat d\u00e9licat et con\u00e7ue pour \u00eatre superpos\u00e9e.<\/p>\n<p>&nbsp;<\/p>\n<p><strong>Lieux et d\u00e9lais de livraison<\/strong><\/p>\n<p>GB 2-5 days<\/p>\n<p>EU 3-6 days<\/p>\n<p>US 3-8 days<\/p>\n<p>&nbsp;<\/p>\n<p><strong>Politique de retour<\/strong><\/p>\n<p>D\u00e9lai de retour 14j<\/p>\n<p>Votre commande peut \u00eatre \u00e9chang\u00e9e ou rembours\u00e9e en cas de probl\u00e8me avec la commande.<\/p>\n<p>Veuillez nous en informer d\u00e8s que possible, dans les 14 jours suivant la r\u00e9ception de la marchandise. Tous les articles doivent \u00eatre retourn\u00e9s non port\u00e9s, dans leur emballage d&#8217;origine et emball\u00e9s en toute s\u00e9curit\u00e9.<\/p>\n","protected":false},"excerpt":{"rendered":"<p>Un pendentif en ambre de la Baltique avec une tranche ronde d&#8217;ambre de la Baltique, recouverte d&#8217;une ic\u00f4ne d&#8217;arbre de &#8230; <\/p>\n<p class=\"more-link-container\"><a title=\"Large Pendentif avec ambre de la Baltique Arbre de Vie en plaqu\u00e9 or\" class=\"more-link button\" href=\"https:\/\/kumbs.com\/index.php\/produit\/large-gold-plated-tree-of-life-pendant\/#more-5282\">Read More<span class=\"screen-reader-text\">Large Pendentif avec ambre de la Baltique Arbre de Vie en plaqu\u00e9 or<\/span> <i class=\"fa fa-angle-double-right\"><\/i><\/a><\/p>\n","protected":false},"featured_media":5285,"comment_status":"open","ping_status":"closed","template":"","meta":[],"product_brand":[],"product_cat":[100,98,93,99],"product_tag":[],"class_list":{"0":"post-5282","1":"product","2":"type-product","3":"status-publish","4":"has-post-thumbnail","6":"product_cat-ambre","7":"product_cat-argent","8":"product_cat-pendentif","9":"product_cat-plaque-or","11":"first","12":"instock","13":"taxable","14":"shipping-taxable","15":"purchasable","16":"product-type-simple"},"jetpack_sharing_enabled":true,"_links":{"self":[{"href":"https:\/\/kumbs.com\/index.php\/wp-json\/wp\/v2\/product\/5282","targetHints":{"allow":["GET"]}}],"collection":[{"href":"https:\/\/kumbs.com\/index.php\/wp-json\/wp\/v2\/product"}],"about":[{"href":"https:\/\/kumbs.com\/index.php\/wp-json\/wp\/v2\/types\/product"}],"replies":[{"embeddable":true,"href":"https:\/\/kumbs.com\/index.php\/wp-json\/wp\/v2\/comments?post=5282"}],"wp:featuredmedia":[{"embeddable":true,"href":"https:\/\/kumbs.com\/index.php\/wp-json\/wp\/v2\/media\/5285"}],"wp:attachment":[{"href":"https:\/\/kumbs.com\/index.php\/wp-json\/wp\/v2\/media?parent=5282"}],"wp:term":[{"taxonomy":"product_brand","embeddable":true,"href":"https:\/\/kumbs.com\/index.php\/wp-json\/wp\/v2\/product_brand?post=5282"},{"taxonomy":"product_cat","embeddable":true,"href":"https:\/\/kumbs.com\/index.php\/wp-json\/wp\/v2\/product_cat?post=5282"},{"taxonomy":"product_tag","embeddable":true,"href":"https:\/\/kumbs.com\/index.php\/wp-json\/wp\/v2\/product_tag?post=5282"}],"curies":[{"name":"wp","href":"https:\/\/api.w.org\/{rel}","templated":true}]}}