{"id":5293,"date":"2024-09-19T12:53:21","date_gmt":"2024-09-19T10:53:21","guid":{"rendered":"https:\/\/kumbs.com\/?post_type=product&#038;p=5293"},"modified":"2024-09-20T10:55:30","modified_gmt":"2024-09-20T08:55:30","slug":"demi-amber-drop-pendant","status":"publish","type":"product","link":"https:\/\/kumbs.com\/index.php\/produit\/demi-amber-drop-pendant\/","title":{"rendered":"Pendentif demi ambre"},"content":{"rendered":"<p><strong>Description<\/strong><\/p>\n<p>Collier en forme de goutte d&#8217;ambre ovale avec cadre d\u00e9coratif et dos ajour\u00e9 pour une incroyable pi\u00e8ce ma\u00eetresse en ambre orange ardent.<\/p>\n<p>Produit : Pendentif en forme de goutte Demi<br \/>\nCouleurs : Ambre cognac<br \/>\nMat\u00e9riaux : Ambre de la Baltique et argent sterling<br \/>\nLongueur : 32 mm<br \/>\nCha\u00eene incluse : Ancre de 45 cm<\/p>\n<p>Notre pendentif Demi pr\u00e9sente une belle fusion de beaut\u00e9 naturelle et de travail du m\u00e9tal moderne. Les pi\u00e8ces en ambre sont classiques dans leur coupe, avec une forme ovale simple et une surface en d\u00f4me. Les pi\u00e8ces en ambre sont serties dans un cadre de tension, suspendues \u00e0 un cadre d\u00e9coratif et un dos ajour\u00e9. Compl\u00e9tez avec une boule florale d\u00e9licate et finement d\u00e9taill\u00e9e.<\/p>\n<p>&nbsp;<\/p>\n<p><strong>Lieux et d\u00e9lais de livraison<\/strong><\/p>\n<p>GB 2-5 days<\/p>\n<p>EU 3-6 days<\/p>\n<p>US 3-8 days<\/p>\n<p>&nbsp;<\/p>\n<p><strong>Politique de retour<\/strong><\/p>\n<p>Votre commande peut \u00eatre \u00e9chang\u00e9e ou rembours\u00e9e en cas de probl\u00e8me avec la commande. Veuillez effectuer un retour aupr\u00e8s d&#8217;AppScenic.<\/p>\n<p>Veuillez nous en informer d\u00e8s que possible, dans les 14 jours suivant la r\u00e9ception de la marchandise. Tous les articles doivent \u00eatre retourn\u00e9s non port\u00e9s, dans leur emballage d&#8217;origine et emball\u00e9s en toute s\u00e9curit\u00e9.<\/p>\n","protected":false},"excerpt":{"rendered":"<p>Description Collier en forme de goutte d&#8217;ambre ovale avec cadre d\u00e9coratif et dos ajour\u00e9 pour une incroyable pi\u00e8ce ma\u00eetresse en &#8230; <\/p>\n<p class=\"more-link-container\"><a title=\"Pendentif demi ambre\" class=\"more-link button\" href=\"https:\/\/kumbs.com\/index.php\/produit\/demi-amber-drop-pendant\/#more-5293\">Read More<span class=\"screen-reader-text\">Pendentif demi ambre<\/span> <i class=\"fa fa-angle-double-right\"><\/i><\/a><\/p>\n","protected":false},"featured_media":5299,"comment_status":"open","ping_status":"closed","template":"","meta":[],"product_brand":[],"product_cat":[100,98,93],"product_tag":[],"class_list":{"0":"post-5293","1":"product","2":"type-product","3":"status-publish","4":"has-post-thumbnail","6":"product_cat-ambre","7":"product_cat-argent","8":"product_cat-pendentif","10":"first","11":"instock","12":"taxable","13":"shipping-taxable","14":"purchasable","15":"product-type-simple"},"jetpack_sharing_enabled":true,"_links":{"self":[{"href":"https:\/\/kumbs.com\/index.php\/wp-json\/wp\/v2\/product\/5293","targetHints":{"allow":["GET"]}}],"collection":[{"href":"https:\/\/kumbs.com\/index.php\/wp-json\/wp\/v2\/product"}],"about":[{"href":"https:\/\/kumbs.com\/index.php\/wp-json\/wp\/v2\/types\/product"}],"replies":[{"embeddable":true,"href":"https:\/\/kumbs.com\/index.php\/wp-json\/wp\/v2\/comments?post=5293"}],"wp:featuredmedia":[{"embeddable":true,"href":"https:\/\/kumbs.com\/index.php\/wp-json\/wp\/v2\/media\/5299"}],"wp:attachment":[{"href":"https:\/\/kumbs.com\/index.php\/wp-json\/wp\/v2\/media?parent=5293"}],"wp:term":[{"taxonomy":"product_brand","embeddable":true,"href":"https:\/\/kumbs.com\/index.php\/wp-json\/wp\/v2\/product_brand?post=5293"},{"taxonomy":"product_cat","embeddable":true,"href":"https:\/\/kumbs.com\/index.php\/wp-json\/wp\/v2\/product_cat?post=5293"},{"taxonomy":"product_tag","embeddable":true,"href":"https:\/\/kumbs.com\/index.php\/wp-json\/wp\/v2\/product_tag?post=5293"}],"curies":[{"name":"wp","href":"https:\/\/api.w.org\/{rel}","templated":true}]}}