{"id":5302,"date":"2024-09-19T13:10:12","date_gmt":"2024-09-19T11:10:12","guid":{"rendered":"https:\/\/kumbs.com\/?post_type=product&#038;p=5302"},"modified":"2024-09-20T10:54:53","modified_gmt":"2024-09-20T08:54:53","slug":"mini-green-amber-pendant","status":"publish","type":"product","link":"https:\/\/kumbs.com\/index.php\/produit\/mini-green-amber-pendant\/","title":{"rendered":"Pendentif mini Ambre Vert"},"content":{"rendered":"<p><strong>Description\u00a0<\/strong><\/p>\n<p>Un incontournable de la bo\u00eete \u00e0 bijoux minimaliste et moderne. Notre mini pendentif Essentials est le collier id\u00e9al \u00e0 porter au quotidien. Une teinte \u00e9clatante, une taille d\u00e9licate et une belle histoire. Portez-le seul pour une simple touche de couleur ou de style avec toute la collection Essentials.<\/p>\n<p>Produit : Mini pendentif en ambre Essentials<br \/>\nCouleur : Vert<br \/>\nMat\u00e9riaux : Ambre de la Baltique et argent sterling<br \/>\nDiam\u00e8tre de l&#8217;ambre : 10 mm<br \/>\nCha\u00eene : Maillon d&#8217;ancrage de 45 cm<\/p>\n<p>Un magnifique pendentif en ambre vert avec une pierre d&#8217;ambre de la Baltique ronde de 10 mm sertie dans une lunette subtile en argent sterling. Associ\u00e9 \u00e0 une d\u00e9licate cha\u00eene \u00e0 maillons d&#8217;ancrage de 45 cm pour un usage quotidien.<\/p>\n<p>Une collection modeste avec un style puissant. ESSENTIALS est une toute nouvelle collection de bijoux en ambre minimaliste de Baltic Beauty. Des bijoux discrets de tous les jours avec une touche color\u00e9e. \u00c0 porter \u00e0 tout moment, les ESSENTIALS sont pour les rendez-vous de distinction et la routine quotidienne, habill\u00e9s ou non, empilez-les et stylisez-les \u00e0 votre guise.<\/p>\n<p>&nbsp;<\/p>\n<p><strong>Lieux et d\u00e9lais de livraison<\/strong><\/p>\n<p>GB 2-5 days<\/p>\n<p>EU 3-6 days<\/p>\n<p>US 3-8 days<\/p>\n<p>&nbsp;<\/p>\n<p><strong>Politique de retour<\/strong><\/p>\n<p>Votre commande peut \u00eatre \u00e9chang\u00e9e ou rembours\u00e9e en cas de probl\u00e8me avec la commande. Veuillez effectuer un retour aupr\u00e8s d&#8217;AppScenic.<\/p>\n<p>Veuillez nous en informer d\u00e8s que possible, dans les 14 jours suivant la r\u00e9ception de la marchandise. Tous les articles doivent \u00eatre retourn\u00e9s non port\u00e9s, dans leur emballage d&#8217;origine et emball\u00e9s en toute s\u00e9curit\u00e9.<\/p>\n","protected":false},"excerpt":{"rendered":"<p>Une collection modeste avec un style puissant. ESSENTIALS est une toute nouvelle collection de bijoux en ambre minimaliste de Baltic Beauty. Des bijoux discrets de tous les jours avec une touche color\u00e9e. \u00c0 porter \u00e0 tout moment, les ESSENTIALS sont pour les rendez-vous de distinction et la routine quotidienne, habill\u00e9s ou non, empilez-les et stylisez-les \u00e0 votre guise.<\/p>\n","protected":false},"featured_media":5306,"comment_status":"open","ping_status":"closed","template":"","meta":[],"product_brand":[],"product_cat":[102,98,93],"product_tag":[],"class_list":{"0":"post-5302","1":"product","2":"type-product","3":"status-publish","4":"has-post-thumbnail","6":"product_cat-ambre-vert","7":"product_cat-argent","8":"product_cat-pendentif","10":"first","11":"instock","12":"taxable","13":"shipping-taxable","14":"purchasable","15":"product-type-simple"},"jetpack_sharing_enabled":true,"_links":{"self":[{"href":"https:\/\/kumbs.com\/index.php\/wp-json\/wp\/v2\/product\/5302","targetHints":{"allow":["GET"]}}],"collection":[{"href":"https:\/\/kumbs.com\/index.php\/wp-json\/wp\/v2\/product"}],"about":[{"href":"https:\/\/kumbs.com\/index.php\/wp-json\/wp\/v2\/types\/product"}],"replies":[{"embeddable":true,"href":"https:\/\/kumbs.com\/index.php\/wp-json\/wp\/v2\/comments?post=5302"}],"wp:featuredmedia":[{"embeddable":true,"href":"https:\/\/kumbs.com\/index.php\/wp-json\/wp\/v2\/media\/5306"}],"wp:attachment":[{"href":"https:\/\/kumbs.com\/index.php\/wp-json\/wp\/v2\/media?parent=5302"}],"wp:term":[{"taxonomy":"product_brand","embeddable":true,"href":"https:\/\/kumbs.com\/index.php\/wp-json\/wp\/v2\/product_brand?post=5302"},{"taxonomy":"product_cat","embeddable":true,"href":"https:\/\/kumbs.com\/index.php\/wp-json\/wp\/v2\/product_cat?post=5302"},{"taxonomy":"product_tag","embeddable":true,"href":"https:\/\/kumbs.com\/index.php\/wp-json\/wp\/v2\/product_tag?post=5302"}],"curies":[{"name":"wp","href":"https:\/\/api.w.org\/{rel}","templated":true}]}}