{"id":5311,"date":"2024-09-20T08:40:44","date_gmt":"2024-09-20T06:40:44","guid":{"rendered":"https:\/\/kumbs.com\/?post_type=product&#038;p=5311"},"modified":"2024-09-27T14:08:58","modified_gmt":"2024-09-27T12:08:58","slug":"14k-gold-plated-45cm-sterling-silver-cable-chain","status":"publish","type":"product","link":"https:\/\/kumbs.com\/index.php\/produit\/14k-gold-plated-45cm-sterling-silver-cable-chain\/","title":{"rendered":"Cha\u00eene en argent 45cm plaqu\u00e9e or 14 carats"},"content":{"rendered":"<p><strong>Description<\/strong><\/p>\n<p>Cha\u00eene en argent sterling de 45 cm<\/p>\n<p>Mat\u00e9riau\u00a0:<\/p>\n<p>Argent sterling<\/p>\n<p>Finition\u00a0:<\/p>\n<p>Plaqu\u00e9 or<\/p>\n<p>Longueur totale de la cha\u00eene\u00a0: 45 cm, extension de 7 cm incluse,<\/p>\n<p>\u00c9paisseur\u00a0: 1,1 mm<\/p>\n<p>Caract\u00e9ristiques\u00a0:<\/p>\n<p>La cha\u00eene en argent sterling de 45 cm est livr\u00e9e avec un coffret cadeau \u00e9l\u00e9gant et robuste, id\u00e9al pour ranger et pr\u00e9senter des bijoux.<\/p>\n<p>&nbsp;<\/p>\n<p><strong>Lieux et d\u00e9lais de livraison<\/strong><\/p>\n<p>AU 3-5 days<\/p>\n<p>CA, GB, US, EU 7-10 days<\/p>\n<p>&nbsp;<\/p>\n<p><strong>Politique de retour<\/strong><\/p>\n<p>Retour sous 7 jours apr\u00e8s r\u00e9ception.<\/p>\n<p>Le client paie les frais de retour en cas de changement d&#8217;avis ou de changement.<\/p>\n","protected":false},"excerpt":{"rendered":"<p>Cha\u00eene en argent sterling de 45 cm, plaqu\u00e9e or 14k.<\/p>\n","protected":false},"featured_media":5312,"comment_status":"open","ping_status":"closed","template":"","meta":[],"product_brand":[],"product_cat":[98,94,99],"product_tag":[],"class_list":{"0":"post-5311","1":"product","2":"type-product","3":"status-publish","4":"has-post-thumbnail","6":"product_cat-argent","7":"product_cat-collier","8":"product_cat-plaque-or","10":"first","11":"instock","12":"taxable","13":"shipping-taxable","14":"purchasable","15":"product-type-simple"},"jetpack_sharing_enabled":true,"_links":{"self":[{"href":"https:\/\/kumbs.com\/index.php\/wp-json\/wp\/v2\/product\/5311","targetHints":{"allow":["GET"]}}],"collection":[{"href":"https:\/\/kumbs.com\/index.php\/wp-json\/wp\/v2\/product"}],"about":[{"href":"https:\/\/kumbs.com\/index.php\/wp-json\/wp\/v2\/types\/product"}],"replies":[{"embeddable":true,"href":"https:\/\/kumbs.com\/index.php\/wp-json\/wp\/v2\/comments?post=5311"}],"wp:featuredmedia":[{"embeddable":true,"href":"https:\/\/kumbs.com\/index.php\/wp-json\/wp\/v2\/media\/5312"}],"wp:attachment":[{"href":"https:\/\/kumbs.com\/index.php\/wp-json\/wp\/v2\/media?parent=5311"}],"wp:term":[{"taxonomy":"product_brand","embeddable":true,"href":"https:\/\/kumbs.com\/index.php\/wp-json\/wp\/v2\/product_brand?post=5311"},{"taxonomy":"product_cat","embeddable":true,"href":"https:\/\/kumbs.com\/index.php\/wp-json\/wp\/v2\/product_cat?post=5311"},{"taxonomy":"product_tag","embeddable":true,"href":"https:\/\/kumbs.com\/index.php\/wp-json\/wp\/v2\/product_tag?post=5311"}],"curies":[{"name":"wp","href":"https:\/\/api.w.org\/{rel}","templated":true}]}}