{"id":5314,"date":"2024-09-20T08:46:50","date_gmt":"2024-09-20T06:46:50","guid":{"rendered":"https:\/\/kumbs.com\/?post_type=product&#038;p=5314"},"modified":"2024-09-27T14:08:41","modified_gmt":"2024-09-27T12:08:41","slug":"14-k-gold-plated-on-sterling-silver-link-chain","status":"publish","type":"product","link":"https:\/\/kumbs.com\/index.php\/produit\/14-k-gold-plated-on-sterling-silver-link-chain\/","title":{"rendered":"Cha\u00eene en argent plaqu\u00e9e Or carats"},"content":{"rendered":"<p><strong>Description<\/strong><\/p>\n<p>La cha\u00eene \u00e0 maillons en argent sterling plaqu\u00e9e or 14 carats est \u00e9l\u00e9gante et simple, parfaite pour \u00eatre port\u00e9e avec n&#8217;importe quelle tenue. Fabriqu\u00e9e en argent sterling r\u00e9sistant \u00e0 la rouille, \u00e0 la corrosion et au ternissement.<\/p>\n<p>Mat\u00e9riau : argent sterling<\/p>\n<p>Finition : plaqu\u00e9 or<\/p>\n<p>Dimensions :<\/p>\n<p>Cha\u00eene : longueur : 45 cm,<\/p>\n<p>\u00c9paisseur : 1 mm<\/p>\n<p>Caract\u00e9ristiques : la cha\u00eene \u00e0 maillons en argent sterling plaqu\u00e9e or 14 carats est livr\u00e9e avec un coffret cadeau \u00e9l\u00e9gant et robuste, id\u00e9al pour ranger et pr\u00e9senter des bijoux.<\/p>\n<p>&nbsp;<\/p>\n<p><strong>Lieux et d\u00e9lais de livraison<\/strong><\/p>\n<p>AU 3-5 days<\/p>\n<p>GB, CA, US, EU 7-10 days<\/p>\n<p>&nbsp;<\/p>\n<p><strong>Politique de retour<\/strong><\/p>\n<p>Retour sous 7 jours apr\u00e8s r\u00e9ception.<\/p>\n<p>Le client paie les frais de retour en cas de changement d&#8217;avis ou de changement.<\/p>\n<p>Pour toute autre information veuillez nous contacter via AppScenic.<\/p>\n","protected":false},"excerpt":{"rendered":"<p>Description La cha\u00eene \u00e0 maillons en argent sterling plaqu\u00e9e or 14 carats est \u00e9l\u00e9gante et simple, parfaite pour \u00eatre port\u00e9e &#8230; <\/p>\n<p class=\"more-link-container\"><a title=\"Cha\u00eene en argent plaqu\u00e9e Or carats\" class=\"more-link button\" href=\"https:\/\/kumbs.com\/index.php\/produit\/14-k-gold-plated-on-sterling-silver-link-chain\/#more-5314\">Read More<span class=\"screen-reader-text\">Cha\u00eene en argent plaqu\u00e9e Or carats<\/span> <i class=\"fa fa-angle-double-right\"><\/i><\/a><\/p>\n","protected":false},"featured_media":5315,"comment_status":"open","ping_status":"closed","template":"","meta":[],"product_brand":[],"product_cat":[98,94,99],"product_tag":[],"class_list":{"0":"post-5314","1":"product","2":"type-product","3":"status-publish","4":"has-post-thumbnail","6":"product_cat-argent","7":"product_cat-collier","8":"product_cat-plaque-or","10":"first","11":"instock","12":"taxable","13":"shipping-taxable","14":"purchasable","15":"product-type-simple"},"jetpack_sharing_enabled":true,"_links":{"self":[{"href":"https:\/\/kumbs.com\/index.php\/wp-json\/wp\/v2\/product\/5314","targetHints":{"allow":["GET"]}}],"collection":[{"href":"https:\/\/kumbs.com\/index.php\/wp-json\/wp\/v2\/product"}],"about":[{"href":"https:\/\/kumbs.com\/index.php\/wp-json\/wp\/v2\/types\/product"}],"replies":[{"embeddable":true,"href":"https:\/\/kumbs.com\/index.php\/wp-json\/wp\/v2\/comments?post=5314"}],"wp:featuredmedia":[{"embeddable":true,"href":"https:\/\/kumbs.com\/index.php\/wp-json\/wp\/v2\/media\/5315"}],"wp:attachment":[{"href":"https:\/\/kumbs.com\/index.php\/wp-json\/wp\/v2\/media?parent=5314"}],"wp:term":[{"taxonomy":"product_brand","embeddable":true,"href":"https:\/\/kumbs.com\/index.php\/wp-json\/wp\/v2\/product_brand?post=5314"},{"taxonomy":"product_cat","embeddable":true,"href":"https:\/\/kumbs.com\/index.php\/wp-json\/wp\/v2\/product_cat?post=5314"},{"taxonomy":"product_tag","embeddable":true,"href":"https:\/\/kumbs.com\/index.php\/wp-json\/wp\/v2\/product_tag?post=5314"}],"curies":[{"name":"wp","href":"https:\/\/api.w.org\/{rel}","templated":true}]}}