{"id":5317,"date":"2024-09-20T09:05:27","date_gmt":"2024-09-20T07:05:27","guid":{"rendered":"https:\/\/kumbs.com\/?post_type=product&#038;p=5317"},"modified":"2024-09-20T10:50:19","modified_gmt":"2024-09-20T08:50:19","slug":"14k-yellow-gold-rolo-chain-1-9mm","status":"publish","type":"product","link":"https:\/\/kumbs.com\/index.php\/produit\/14k-yellow-gold-rolo-chain-1-9mm\/","title":{"rendered":"Cha\u00eene rolo en or jaune 14 carats de 1,9 mm"},"content":{"rendered":"<p><strong>Description<\/strong><\/p>\n<p>Cette cha\u00eene rolo est en or jaune 14 carats et a une largeur de 1,9 millim\u00e8tre.<\/p>\n<p>D\u00e9tails du produit\u00a0:<br \/>\nInformations sur la cha\u00eene\u00a0:<\/p>\n<p>M\u00e9tal\u00a0: Or jaune 14 carats<br \/>\nType de cha\u00eene\u00a0: Rolo<br \/>\nFermoir\u00a0: Anneau \u00e0 ressort<br \/>\nLargeur\u00a0: 1,90 mm<\/p>\n<p>Poids approximatif\u00a0:<\/p>\n<p>Taille Poids<br \/>\n16&#8221; 1,3 grammes<br \/>\n18&#8221; 1,5 grammes<br \/>\n20&#8221; 1,7 grammes<\/p>\n<p>&nbsp;<\/p>\n<p><strong>Lieux et d\u00e9lais de livraison<\/strong><\/p>\n<p>US 3-5 days<\/p>\n<p>CA 5-8 days<\/p>\n<p>GB, EU 6-10 days<\/p>\n<p>AU 8-14 days<\/p>\n<p>&nbsp;<\/p>\n<p><strong>Politique de retour<\/strong><\/p>\n<p>Si pour une raison quelconque vous souhaitez retourner votre marchandise, nous vous rembourserons, remplacerons ou \u00e9changerons tout article dans les 15 jours suivant la date de livraison.<\/p>\n<p>Pour retourner un article\u00a0:<\/p>\n<p>1. Placez une copie du document fourni par Kumbs avec l&#8217;article ou les articles que vous retournez.<\/p>\n<p>2. Pour votre protection, nous vous conseillons d&#8217;assurer le colis pour le montant total des articles que vous retournez, plus les frais d&#8217;exp\u00e9dition.<\/p>\n<p>3. Kumbs et ses fournisseurs ne sont pas responsables des articles perdus ou endommag\u00e9s pendant leur retour.<\/p>\n<p>Sur votre facture originale, si le prix de l&#8217;article que vous retournez est indiqu\u00e9 comme suit\u00a0:<br \/>\n&#8211; Moins de 500\u00a0$\u00a0:<br \/>\nVous pouvez utiliser n&#8217;importe quel transporteur pour exp\u00e9dier votre colis de retour.<br \/>\n&#8211; Plus de 500\u00a0$\u00a0:<br \/>\nExp\u00e9diez votre colis par courrier recommand\u00e9 du service postal am\u00e9ricain (FedEx\u00ae et UPS\u00ae n&#8217;assureront pas les marchandises de plus de 500\u00a0$).<\/p>\n<p>Assurez-vous de conserver votre re\u00e7u de retour pour confirmer que votre envoi est parvenu au fournisseur AppScenic. Tous les frais de retour doivent \u00eatre pr\u00e9pay\u00e9s par le client.<\/p>\n<p>Tous les retours doivent \u00eatre effectu\u00e9s via le service client de Kumbs.<\/p>\n<p>Autres informations\u00a0:<\/p>\n<p>Les diamants en vrac b\u00e9n\u00e9ficient d&#8217;une politique de retour de 3 jours \u00e0 compter de la date de livraison.<br \/>\nTous les articles retourn\u00e9s doivent \u00eatre non port\u00e9s et non endommag\u00e9s dans les bo\u00eetes d&#8217;origine avec les certificats originaux, le cas \u00e9ch\u00e9ant. Il ne doit y avoir aucune rayure ou marque sur l&#8217;article et aucun signe d&#8217;usure\u00a0; le produit ne doit pas avoir \u00e9t\u00e9 modifi\u00e9 de quelque fa\u00e7on que ce soit. Tout article re\u00e7u qui a \u00e9t\u00e9 port\u00e9, endommag\u00e9 ou modifi\u00e9 ne sera pas remboursable. Les frais d&#8217;exp\u00e9dition d&#8217;origine ne sont pas remboursables.<br \/>\nTous les frais de retour doivent \u00eatre pr\u00e9pay\u00e9s par le client. Nous ne pouvons pas accepter les livraisons contre remboursement.<br \/>\nTous les certificats de diamant ORIGINAUX (le cas \u00e9ch\u00e9ant) et une copie de la facture originale doivent \u00eatre inclus dans le colis pour qu&#8217;un remboursement complet soit \u00e9mis. Tout colis manquant le(s) certificat(s) d&#8217;origine sera factur\u00e9 des frais de 200,00\u00a0$ par certificat d&#8217;origine sans exception.<br \/>\nLe fournisseur d&#8217;AppScenic n&#8217;est pas responsable des colis qu&#8217;il ne re\u00e7oit pas ou des retours non soumis conform\u00e9ment \u00e0 ces directives.<br \/>\nLes paiements re\u00e7us par carte de cr\u00e9dit seront rembours\u00e9s de la m\u00eame mani\u00e8re. Veuillez pr\u00e9voir 3 \u00e0 5 jours ouvrables pour le traitement d&#8217;un retour.<br \/>\nLes commandes sp\u00e9ciales, telles que les montures personnalis\u00e9es ou les bijoux qui ont \u00e9t\u00e9 demand\u00e9s mais qui ne sont pas sp\u00e9cifiquement affich\u00e9s sur notre site Web, sont des articles non annulables et non remboursables.<br \/>\nNous avons essay\u00e9 de recr\u00e9er l&#8217;apparence de nos bijoux sur notre site Web aussi proche que possible de la r\u00e9alit\u00e9. Gardez \u00e0 l&#8217;esprit que diff\u00e9rents \u00e9crans d&#8217;ordinateur peuvent afficher des variations de couleurs et de d\u00e9tails du produit.<\/p>\n","protected":false},"excerpt":{"rendered":"<p>Description Cette cha\u00eene rolo est en or jaune 14 carats et a une largeur de 1,9 millim\u00e8tre. D\u00e9tails du produit\u00a0: &#8230; <\/p>\n<p class=\"more-link-container\"><a title=\"Cha\u00eene rolo en or jaune 14 carats de 1,9 mm\" class=\"more-link button\" href=\"https:\/\/kumbs.com\/index.php\/produit\/14k-yellow-gold-rolo-chain-1-9mm\/#more-5317\">Read More<span class=\"screen-reader-text\">Cha\u00eene rolo en or jaune 14 carats de 1,9 mm<\/span> <i class=\"fa fa-angle-double-right\"><\/i><\/a><\/p>\n","protected":false},"featured_media":5323,"comment_status":"open","ping_status":"closed","template":"","meta":[],"product_brand":[],"product_cat":[94,97],"product_tag":[],"class_list":{"0":"post-5317","1":"product","2":"type-product","3":"status-publish","4":"has-post-thumbnail","6":"product_cat-collier","7":"product_cat-or","9":"first","10":"instock","11":"taxable","12":"shipping-taxable","13":"purchasable","14":"product-type-variable"},"jetpack_sharing_enabled":true,"_links":{"self":[{"href":"https:\/\/kumbs.com\/index.php\/wp-json\/wp\/v2\/product\/5317","targetHints":{"allow":["GET"]}}],"collection":[{"href":"https:\/\/kumbs.com\/index.php\/wp-json\/wp\/v2\/product"}],"about":[{"href":"https:\/\/kumbs.com\/index.php\/wp-json\/wp\/v2\/types\/product"}],"replies":[{"embeddable":true,"href":"https:\/\/kumbs.com\/index.php\/wp-json\/wp\/v2\/comments?post=5317"}],"wp:featuredmedia":[{"embeddable":true,"href":"https:\/\/kumbs.com\/index.php\/wp-json\/wp\/v2\/media\/5323"}],"wp:attachment":[{"href":"https:\/\/kumbs.com\/index.php\/wp-json\/wp\/v2\/media?parent=5317"}],"wp:term":[{"taxonomy":"product_brand","embeddable":true,"href":"https:\/\/kumbs.com\/index.php\/wp-json\/wp\/v2\/product_brand?post=5317"},{"taxonomy":"product_cat","embeddable":true,"href":"https:\/\/kumbs.com\/index.php\/wp-json\/wp\/v2\/product_cat?post=5317"},{"taxonomy":"product_tag","embeddable":true,"href":"https:\/\/kumbs.com\/index.php\/wp-json\/wp\/v2\/product_tag?post=5317"}],"curies":[{"name":"wp","href":"https:\/\/api.w.org\/{rel}","templated":true}]}}